{"id":559,"date":"2024-07-11T15:45:18","date_gmt":"2024-07-11T13:45:18","guid":{"rendered":"https:\/\/lanas.rs\/contact\/"},"modified":"2026-03-30T09:36:15","modified_gmt":"2026-03-30T07:36:15","slug":"kontakt-lana-s","status":"publish","type":"page","link":"https:\/\/lanas.rs\/en\/kontakt-lana-s\/","title":{"rendered":"Contact"},"content":{"rendered":"<div data-elementor-type=\"wp-page\" data-elementor-id=\"559\" class=\"elementor elementor-559\">\n\t\t\t\t<div class=\"elementor-element elementor-element-8cc9d00 e-flex e-con-boxed e-con e-parent\" data-id=\"8cc9d00\" data-element_type=\"container\" data-e-type=\"container\" data-settings=\"{&quot;background_background&quot;:&quot;classic&quot;}\">\n\t\t\t\t\t<div class=\"e-con-inner\">\n\t\t<div class=\"elementor-element elementor-element-d49fc4c e-con-full e-flex e-con e-child\" data-id=\"d49fc4c\" data-element_type=\"container\" data-e-type=\"container\">\n\t\t<div class=\"elementor-element elementor-element-bc8445b e-flex e-con-boxed e-con e-child\" data-id=\"bc8445b\" data-element_type=\"container\" data-e-type=\"container\">\n\t\t\t\t\t<div class=\"e-con-inner\">\n\t\t\t\t<div class=\"elementor-element elementor-element-179f0ed elementor-widget__width-initial elementor-widget-mobile__width-inherit elementor-view-stacked elementor-shape-circle elementor-position-block-start elementor-mobile-position-block-start elementor-widget elementor-widget-icon-box\" data-id=\"179f0ed\" data-element_type=\"widget\" data-e-type=\"widget\" data-widget_type=\"icon-box.default\">\n\t\t\t\t<div class=\"elementor-widget-container\">\n\t\t\t\t\t\t\t<div class=\"elementor-icon-box-wrapper\">\n\n\t\t\t\t\t\t<div class=\"elementor-icon-box-icon\">\n\t\t\t\t<span  class=\"elementor-icon\">\n\t\t\t\t<svg aria-hidden=\"true\" class=\"e-font-icon-svg e-far-question-circle\" viewbox=\"0 0 512 512\" xmlns=\"http:\/\/www.w3.org\/2000\/svg\"><path d=\"M256 8C119.043 8 8 119.083 8 256c0 136.997 111.043 248 248 248s248-111.003 248-248C504 119.083 392.957 8 256 8zm0 448c-110.532 0-200-89.431-200-200 0-110.495 89.472-200 200-200 110.491 0 200 89.471 200 200 0 110.53-89.431 200-200 200zm107.244-255.2c0 67.052-72.421 68.084-72.421 92.863V300c0 6.627-5.373 12-12 12h-45.647c-6.627 0-12-5.373-12-12v-8.659c0-35.745 27.1-50.034 47.579-61.516 17.561-9.845 28.324-16.541 28.324-29.579 0-17.246-21.999-28.693-39.784-28.693-23.189 0-33.894 10.977-48.942 29.969-4.057 5.12-11.46 6.071-16.666 2.124l-27.824-21.098c-5.107-3.872-6.251-11.066-2.644-16.363C184.846 131.491 214.94 112 261.794 112c49.071 0 101.45 38.304 101.45 88.8zM298 368c0 23.159-18.841 42-42 42s-42-18.841-42-42 18.841-42 42-42 42 18.841 42 42z\"><\/path><\/svg>\t\t\t\t<\/span>\n\t\t\t<\/div>\n\t\t\t\n\t\t\t\t\t\t<div class=\"elementor-icon-box-content\">\n\n\t\t\t\t\t\t\t\t\t<h5 class=\"elementor-icon-box-title\">\n\t\t\t\t\t\t<span  >\n\t\t\t\t\t\t\tQuestions and services<br><br>For all additional questions, as well as if you are ordering from abroad or for personal pickup from Belgrade<br>\nyou can contact us at: <br>info@lanas.rs\n\t\t\t\t\t\t<\/span>\n\t\t\t\t\t<\/h5>\n\t\t\t\t\n\t\t\t\t\n\t\t\t<\/div>\n\t\t\t\n\t\t<\/div>\n\t\t\t\t\t\t<\/div>\n\t\t\t\t<\/div>\n\t\t\t\t\t<\/div>\n\t\t\t\t<\/div>\n\t\t<div class=\"elementor-element elementor-element-95979dd e-flex e-con-boxed e-con e-child\" data-id=\"95979dd\" data-element_type=\"container\" data-e-type=\"container\">\n\t\t\t\t\t<div class=\"e-con-inner\">\n\t\t\t\t<div class=\"elementor-element elementor-element-167c514 elementor-widget__width-initial elementor-widget-mobile__width-inherit elementor-view-stacked elementor-position-inline-start elementor-widget-tablet__width-inherit elementor-shape-circle elementor-mobile-position-block-start elementor-widget elementor-widget-icon-box\" data-id=\"167c514\" data-element_type=\"widget\" data-e-type=\"widget\" data-widget_type=\"icon-box.default\">\n\t\t\t\t<div class=\"elementor-widget-container\">\n\t\t\t\t\t\t\t<div class=\"elementor-icon-box-wrapper\">\n\n\t\t\t\t\t\t<div class=\"elementor-icon-box-icon\">\n\t\t\t\t<span  class=\"elementor-icon\">\n\t\t\t\t<svg aria-hidden=\"true\" class=\"e-font-icon-svg e-fas-map-marker-alt\" viewbox=\"0 0 384 512\" xmlns=\"http:\/\/www.w3.org\/2000\/svg\"><path d=\"M172.268 501.67C26.97 291.031 0 269.413 0 192 0 85.961 85.961 0 192 0s192 85.961 192 192c0 77.413-26.97 99.031-172.268 309.67-9.535 13.774-29.93 13.773-39.464 0zM192 272c44.183 0 80-35.817 80-80s-35.817-80-80-80-80 35.817-80 80 35.817 80 80 80z\"><\/path><\/svg>\t\t\t\t<\/span>\n\t\t\t<\/div>\n\t\t\t\n\t\t\t\t\t\t<div class=\"elementor-icon-box-content\">\n\n\t\t\t\t\t\t\t\t\t<h6 class=\"elementor-icon-box-title\">\n\t\t\t\t\t\t<span  >\n\t\t\t\t\t\t\tFind Us\t\t\t\t\t\t<\/span>\n\t\t\t\t\t<\/h6>\n\t\t\t\t\n\t\t\t\t\t\t\t\t\t<p class=\"elementor-icon-box-description\">\n\t\t\t\t\t\tBelgarde, Serbia\t\t\t\t\t<\/p>\n\t\t\t\t\n\t\t\t<\/div>\n\t\t\t\n\t\t<\/div>\n\t\t\t\t\t\t<\/div>\n\t\t\t\t<\/div>\n\t\t\t\t<div class=\"elementor-element elementor-element-744a15b elementor-widget__width-initial elementor-widget-mobile__width-inherit elementor-view-stacked elementor-position-inline-start elementor-widget-tablet__width-inherit elementor-shape-circle elementor-mobile-position-block-start elementor-widget elementor-widget-icon-box\" data-id=\"744a15b\" data-element_type=\"widget\" data-e-type=\"widget\" data-widget_type=\"icon-box.default\">\n\t\t\t\t<div class=\"elementor-widget-container\">\n\t\t\t\t\t\t\t<div class=\"elementor-icon-box-wrapper\">\n\n\t\t\t\t\t\t<div class=\"elementor-icon-box-icon\">\n\t\t\t\t<span  class=\"elementor-icon\">\n\t\t\t\t<svg aria-hidden=\"true\" class=\"e-font-icon-svg e-fas-life-ring\" viewbox=\"0 0 512 512\" xmlns=\"http:\/\/www.w3.org\/2000\/svg\"><path d=\"M256 8C119.033 8 8 119.033 8 256s111.033 248 248 248 248-111.033 248-248S392.967 8 256 8zm173.696 119.559l-63.399 63.399c-10.987-18.559-26.67-34.252-45.255-45.255l63.399-63.399a218.396 218.396 0 0 1 45.255 45.255zM256 352c-53.019 0-96-42.981-96-96s42.981-96 96-96 96 42.981 96 96-42.981 96-96 96zM127.559 82.304l63.399 63.399c-18.559 10.987-34.252 26.67-45.255 45.255l-63.399-63.399a218.372 218.372 0 0 1 45.255-45.255zM82.304 384.441l63.399-63.399c10.987 18.559 26.67 34.252 45.255 45.255l-63.399 63.399a218.396 218.396 0 0 1-45.255-45.255zm302.137 45.255l-63.399-63.399c18.559-10.987 34.252-26.67 45.255-45.255l63.399 63.399a218.403 218.403 0 0 1-45.255 45.255z\"><\/path><\/svg>\t\t\t\t<\/span>\n\t\t\t<\/div>\n\t\t\t\n\t\t\t\t\t\t<div class=\"elementor-icon-box-content\">\n\n\t\t\t\t\t\t\t\t\t<h6 class=\"elementor-icon-box-title\">\n\t\t\t\t\t\t<span  >\n\t\t\t\t\t\t\tContact\t\t\t\t\t\t<\/span>\n\t\t\t\t\t<\/h6>\n\t\t\t\t\n\t\t\t\t\t\t\t\t\t<p class=\"elementor-icon-box-description\">\n\t\t\t\t\t\tCall: +38160 304 1999<br>info@lanas.rs\t\t\t\t\t<\/p>\n\t\t\t\t\n\t\t\t<\/div>\n\t\t\t\n\t\t<\/div>\n\t\t\t\t\t\t<\/div>\n\t\t\t\t<\/div>\n\t\t\t\t<div class=\"elementor-element elementor-element-e3abcad elementor-widget__width-initial elementor-widget-mobile__width-inherit elementor-view-stacked elementor-position-inline-start elementor-widget-tablet__width-inherit elementor-shape-circle elementor-mobile-position-block-start elementor-widget elementor-widget-icon-box\" data-id=\"e3abcad\" data-element_type=\"widget\" data-e-type=\"widget\" data-widget_type=\"icon-box.default\">\n\t\t\t\t<div class=\"elementor-widget-container\">\n\t\t\t\t\t\t\t<div class=\"elementor-icon-box-wrapper\">\n\n\t\t\t\t\t\t<div class=\"elementor-icon-box-icon\">\n\t\t\t\t<span  class=\"elementor-icon\">\n\t\t\t\t<svg aria-hidden=\"true\" class=\"e-font-icon-svg e-fas-clock\" viewbox=\"0 0 512 512\" xmlns=\"http:\/\/www.w3.org\/2000\/svg\"><path d=\"M256,8C119,8,8,119,8,256S119,504,256,504,504,393,504,256,393,8,256,8Zm92.49,313h0l-20,25a16,16,0,0,1-22.49,2.5h0l-67-49.72a40,40,0,0,1-15-31.23V112a16,16,0,0,1,16-16h32a16,16,0,0,1,16,16V256l58,42.5A16,16,0,0,1,348.49,321Z\"><\/path><\/svg>\t\t\t\t<\/span>\n\t\t\t<\/div>\n\t\t\t\n\t\t\t\t\t\t<div class=\"elementor-icon-box-content\">\n\n\t\t\t\t\t\t\t\t\t<h6 class=\"elementor-icon-box-title\">\n\t\t\t\t\t\t<span  >\n\t\t\t\t\t\t\tWorking hours\t\t\t\t\t\t<\/span>\n\t\t\t\t\t<\/h6>\n\t\t\t\t\n\t\t\t\t\t\t\t\t\t<p class=\"elementor-icon-box-description\">\n\t\t\t\t\t\t24h \t\t\t\t\t<\/p>\n\t\t\t\t\n\t\t\t<\/div>\n\t\t\t\n\t\t<\/div>\n\t\t\t\t\t\t<\/div>\n\t\t\t\t<\/div>\n\t\t\t\t\t<\/div>\n\t\t\t\t<\/div>\n\t\t\t\t<\/div>\n\t\t\t\t\t<\/div>\n\t\t\t\t<\/div>\n\t\t<div class=\"elementor-element elementor-element-0b2a553 e-flex e-con-boxed e-con e-parent\" data-id=\"0b2a553\" data-element_type=\"container\" data-e-type=\"container\">\n\t\t\t\t\t<div class=\"e-con-inner\">\n\t\t<div class=\"elementor-element elementor-element-af77397 e-con-full e-flex e-con e-child\" data-id=\"af77397\" data-element_type=\"container\" data-e-type=\"container\">\n\t\t\t\t<\/div>\n\t\t<div class=\"elementor-element elementor-element-ad74b95 e-con-full e-flex e-con e-child\" data-id=\"ad74b95\" data-element_type=\"container\" data-e-type=\"container\">\n\t\t\t\t<\/div>\n\t\t\t\t\t<\/div>\n\t\t\t\t<\/div>\n\t\t\t\t<\/div>","protected":false},"excerpt":{"rendered":"<p>Pitanja i usluge Za sva dodatna pitanja kao i ukoliko poru\u010dujete iz inostranstva ili za li\u010dno preuzimane iz Bograda mo\u017eete nas kontaktirati na: info@lanas.rs Find Us Beograd, Srbija Kontakt Call: +38160 304 1999Email: info@lanas.rs Working hours 24h<\/p>","protected":false},"author":1,"featured_media":0,"parent":0,"menu_order":0,"comment_status":"closed","ping_status":"closed","template":"","meta":{"site-sidebar-layout":"no-sidebar","site-content-layout":"page-builder","ast-site-content-layout":"full-width-container","site-content-style":"unboxed","site-sidebar-style":"unboxed","ast-global-header-display":"","ast-banner-title-visibility":"","ast-main-header-display":"","ast-hfb-above-header-display":"","ast-hfb-below-header-display":"","ast-hfb-mobile-header-display":"","site-post-title":"disabled","ast-breadcrumbs-content":"disabled","ast-featured-img":"disabled","footer-sml-layout":"","ast-disable-related-posts":"","theme-transparent-header-meta":"disabled","adv-header-id-meta":"","stick-header-meta":"","header-above-stick-meta":"","header-main-stick-meta":"","header-below-stick-meta":"","astra-migrate-meta-layouts":"set","ast-page-background-enabled":"default","ast-page-background-meta":{"desktop":{"background-color":"var(--ast-global-color-4)","background-image":"","background-repeat":"repeat","background-position":"center center","background-size":"auto","background-attachment":"scroll","background-type":"","background-media":"","overlay-type":"","overlay-color":"","overlay-opacity":"","overlay-gradient":""},"tablet":{"background-color":"","background-image":"","background-repeat":"repeat","background-position":"center center","background-size":"auto","background-attachment":"scroll","background-type":"","background-media":"","overlay-type":"","overlay-color":"","overlay-opacity":"","overlay-gradient":""},"mobile":{"background-color":"","background-image":"","background-repeat":"repeat","background-position":"center center","background-size":"auto","background-attachment":"scroll","background-type":"","background-media":"","overlay-type":"","overlay-color":"","overlay-opacity":"","overlay-gradient":""}},"ast-content-background-meta":{"desktop":{"background-color":"var(--ast-global-color-5)","background-image":"","background-repeat":"repeat","background-position":"center center","background-size":"auto","background-attachment":"scroll","background-type":"","background-media":"","overlay-type":"","overlay-color":"","overlay-opacity":"","overlay-gradient":""},"tablet":{"background-color":"var(--ast-global-color-5)","background-image":"","background-repeat":"repeat","background-position":"center center","background-size":"auto","background-attachment":"scroll","background-type":"","background-media":"","overlay-type":"","overlay-color":"","overlay-opacity":"","overlay-gradient":""},"mobile":{"background-color":"var(--ast-global-color-5)","background-image":"","background-repeat":"repeat","background-position":"center center","background-size":"auto","background-attachment":"scroll","background-type":"","background-media":"","overlay-type":"","overlay-color":"","overlay-opacity":"","overlay-gradient":""}},"footnotes":""},"class_list":["post-559","page","type-page","status-publish","hentry"],"yoast_head":"<!-- This site is optimized with the Yoast SEO plugin v27.3 - https:\/\/yoast.com\/product\/yoast-seo-wordpress\/ -->\n<title>Kontakt - LANA S ART<\/title>\n<meta name=\"description\" content=\"Ru\u010dno oslikane svilene marame od 100% svile, elegantan poklon. Savremena nosiva umetnost Unique silk scarf. Kontakt na info@lanas.rs\" \/>\n<meta name=\"robots\" content=\"index, follow, max-snippet:-1, max-image-preview:large, max-video-preview:-1\" \/>\n<link rel=\"canonical\" href=\"https:\/\/lanas.rs\/en\/kontakt-lana-s\/\" \/>\n<meta property=\"og:locale\" content=\"en_GB\" \/>\n<meta property=\"og:type\" content=\"article\" \/>\n<meta property=\"og:title\" content=\"Kontakt - LANA S ART\" \/>\n<meta property=\"og:description\" content=\"Ru\u010dno oslikane svilene marame od 100% svile, elegantan poklon. Savremena nosiva umetnost Unique silk scarf. Kontakt na info@lanas.rs\" \/>\n<meta property=\"og:url\" content=\"https:\/\/lanas.rs\/en\/kontakt-lana-s\/\" \/>\n<meta property=\"og:site_name\" content=\"LANA S ART\" \/>\n<meta property=\"article:modified_time\" content=\"2026-03-30T07:36:15+00:00\" \/>\n<meta name=\"twitter:card\" content=\"summary_large_image\" \/>\n<meta name=\"twitter:label1\" content=\"Estimated reading time\" \/>\n\t<meta name=\"twitter:data1\" content=\"1 minute\" \/>\n<script type=\"application\/ld+json\" class=\"yoast-schema-graph\">{\"@context\":\"https:\\\/\\\/schema.org\",\"@graph\":[{\"@type\":\"WebPage\",\"@id\":\"https:\\\/\\\/lanas.rs\\\/kontakt-lana-s\\\/\",\"url\":\"https:\\\/\\\/lanas.rs\\\/kontakt-lana-s\\\/\",\"name\":\"Kontakt - LANA S ART\",\"isPartOf\":{\"@id\":\"https:\\\/\\\/lanas.rs\\\/#website\"},\"datePublished\":\"2024-07-11T13:45:18+00:00\",\"dateModified\":\"2026-03-30T07:36:15+00:00\",\"description\":\"Ru\u010dno oslikane svilene marame od 100% svile, elegantan poklon. Savremena nosiva umetnost Unique silk scarf. Kontakt na info@lanas.rs\",\"breadcrumb\":{\"@id\":\"https:\\\/\\\/lanas.rs\\\/kontakt-lana-s\\\/#breadcrumb\"},\"inLanguage\":\"en-GB\",\"potentialAction\":[{\"@type\":\"ReadAction\",\"target\":[\"https:\\\/\\\/lanas.rs\\\/kontakt-lana-s\\\/\"]}]},{\"@type\":\"BreadcrumbList\",\"@id\":\"https:\\\/\\\/lanas.rs\\\/kontakt-lana-s\\\/#breadcrumb\",\"itemListElement\":[{\"@type\":\"ListItem\",\"position\":1,\"name\":\"Home\",\"item\":\"https:\\\/\\\/lanas.rs\\\/\"},{\"@type\":\"ListItem\",\"position\":2,\"name\":\"Kontakt\"}]},{\"@type\":\"WebSite\",\"@id\":\"https:\\\/\\\/lanas.rs\\\/#website\",\"url\":\"https:\\\/\\\/lanas.rs\\\/\",\"name\":\"LANA S ART\",\"description\":\"Svilene marame i e\u0161arpe slikane rukom\",\"publisher\":{\"@id\":\"https:\\\/\\\/lanas.rs\\\/#organization\"},\"potentialAction\":[{\"@type\":\"SearchAction\",\"target\":{\"@type\":\"EntryPoint\",\"urlTemplate\":\"https:\\\/\\\/lanas.rs\\\/?s={search_term_string}\"},\"query-input\":{\"@type\":\"PropertyValueSpecification\",\"valueRequired\":true,\"valueName\":\"search_term_string\"}}],\"inLanguage\":\"en-GB\"},{\"@type\":\"Organization\",\"@id\":\"https:\\\/\\\/lanas.rs\\\/#organization\",\"name\":\"LANA S ART\",\"url\":\"https:\\\/\\\/lanas.rs\\\/\",\"logo\":{\"@type\":\"ImageObject\",\"inLanguage\":\"en-GB\",\"@id\":\"https:\\\/\\\/lanas.rs\\\/#\\\/schema\\\/logo\\\/image\\\/\",\"url\":\"https:\\\/\\\/lanas.rs\\\/wp-content\\\/uploads\\\/2024\\\/07\\\/cropped-image-6483441-kopija-2.jpg\",\"contentUrl\":\"https:\\\/\\\/lanas.rs\\\/wp-content\\\/uploads\\\/2024\\\/07\\\/cropped-image-6483441-kopija-2.jpg\",\"width\":666,\"height\":358,\"caption\":\"LANA S ART\"},\"image\":{\"@id\":\"https:\\\/\\\/lanas.rs\\\/#\\\/schema\\\/logo\\\/image\\\/\"}}]}<\/script>\n<!-- \/ Yoast SEO plugin. -->","yoast_head_json":{"title":"Kontakt - LANA S ART","description":"Ru\u010dno oslikane svilene marame od 100% svile, elegantan poklon. Savremena nosiva umetnost Unique silk scarf. Kontakt na info@lanas.rs","robots":{"index":"index","follow":"follow","max-snippet":"max-snippet:-1","max-image-preview":"max-image-preview:large","max-video-preview":"max-video-preview:-1"},"canonical":"https:\/\/lanas.rs\/en\/kontakt-lana-s\/","og_locale":"en_GB","og_type":"article","og_title":"Kontakt - LANA S ART","og_description":"Ru\u010dno oslikane svilene marame od 100% svile, elegantan poklon. Savremena nosiva umetnost Unique silk scarf. Kontakt na info@lanas.rs","og_url":"https:\/\/lanas.rs\/en\/kontakt-lana-s\/","og_site_name":"LANA S ART","article_modified_time":"2026-03-30T07:36:15+00:00","twitter_card":"summary_large_image","twitter_misc":{"Estimated reading time":"1 minute"},"schema":{"@context":"https:\/\/schema.org","@graph":[{"@type":"WebPage","@id":"https:\/\/lanas.rs\/kontakt-lana-s\/","url":"https:\/\/lanas.rs\/kontakt-lana-s\/","name":"Kontakt - LANA S ART","isPartOf":{"@id":"https:\/\/lanas.rs\/#website"},"datePublished":"2024-07-11T13:45:18+00:00","dateModified":"2026-03-30T07:36:15+00:00","description":"Ru\u010dno oslikane svilene marame od 100% svile, elegantan poklon. Savremena nosiva umetnost Unique silk scarf. Kontakt na info@lanas.rs","breadcrumb":{"@id":"https:\/\/lanas.rs\/kontakt-lana-s\/#breadcrumb"},"inLanguage":"en-GB","potentialAction":[{"@type":"ReadAction","target":["https:\/\/lanas.rs\/kontakt-lana-s\/"]}]},{"@type":"BreadcrumbList","@id":"https:\/\/lanas.rs\/kontakt-lana-s\/#breadcrumb","itemListElement":[{"@type":"ListItem","position":1,"name":"Home","item":"https:\/\/lanas.rs\/"},{"@type":"ListItem","position":2,"name":"Kontakt"}]},{"@type":"WebSite","@id":"https:\/\/lanas.rs\/#website","url":"https:\/\/lanas.rs\/","name":"LANA S ART","description":"Svilene marame i e\u0161arpe slikane rukom","publisher":{"@id":"https:\/\/lanas.rs\/#organization"},"potentialAction":[{"@type":"SearchAction","target":{"@type":"EntryPoint","urlTemplate":"https:\/\/lanas.rs\/?s={search_term_string}"},"query-input":{"@type":"PropertyValueSpecification","valueRequired":true,"valueName":"search_term_string"}}],"inLanguage":"en-GB"},{"@type":"Organization","@id":"https:\/\/lanas.rs\/#organization","name":"LANA S ART","url":"https:\/\/lanas.rs\/","logo":{"@type":"ImageObject","inLanguage":"en-GB","@id":"https:\/\/lanas.rs\/#\/schema\/logo\/image\/","url":"https:\/\/lanas.rs\/wp-content\/uploads\/2024\/07\/cropped-image-6483441-kopija-2.jpg","contentUrl":"https:\/\/lanas.rs\/wp-content\/uploads\/2024\/07\/cropped-image-6483441-kopija-2.jpg","width":666,"height":358,"caption":"LANA S ART"},"image":{"@id":"https:\/\/lanas.rs\/#\/schema\/logo\/image\/"}}]}},"_links":{"self":[{"href":"https:\/\/lanas.rs\/en\/wp-json\/wp\/v2\/pages\/559","targetHints":{"allow":["GET"]}}],"collection":[{"href":"https:\/\/lanas.rs\/en\/wp-json\/wp\/v2\/pages"}],"about":[{"href":"https:\/\/lanas.rs\/en\/wp-json\/wp\/v2\/types\/page"}],"author":[{"embeddable":true,"href":"https:\/\/lanas.rs\/en\/wp-json\/wp\/v2\/users\/1"}],"replies":[{"embeddable":true,"href":"https:\/\/lanas.rs\/en\/wp-json\/wp\/v2\/comments?post=559"}],"version-history":[{"count":22,"href":"https:\/\/lanas.rs\/en\/wp-json\/wp\/v2\/pages\/559\/revisions"}],"predecessor-version":[{"id":2101,"href":"https:\/\/lanas.rs\/en\/wp-json\/wp\/v2\/pages\/559\/revisions\/2101"}],"wp:attachment":[{"href":"https:\/\/lanas.rs\/en\/wp-json\/wp\/v2\/media?parent=559"}],"curies":[{"name":"wp","href":"https:\/\/api.w.org\/{rel}","templated":true}]}}