{"id":3904,"date":"2026-04-28T11:11:42","date_gmt":"2026-04-28T09:11:42","guid":{"rendered":"https:\/\/lanas.rs\/?page_id=3904"},"modified":"2026-04-28T12:05:57","modified_gmt":"2026-04-28T10:05:57","slug":"dostupni-radovi","status":"publish","type":"page","link":"https:\/\/lanas.rs\/en\/dostupni-radovi\/","title":{"rendered":"Available"},"content":{"rendered":"<div data-elementor-type=\"wp-page\" data-elementor-id=\"3904\" class=\"elementor elementor-3904\">\n\t\t\t\t<div class=\"elementor-element elementor-element-0f9dd54 e-flex e-con-boxed e-con e-parent\" data-id=\"0f9dd54\" data-element_type=\"container\" data-e-type=\"container\">\n\t\t\t\t\t<div class=\"e-con-inner\">\n\t\t\t\t<div class=\"elementor-element elementor-element-d30e185 elementor-widget elementor-widget-heading\" data-id=\"d30e185\" data-element_type=\"widget\" data-e-type=\"widget\" data-widget_type=\"heading.default\">\n\t\t\t\t<div class=\"elementor-widget-container\">\n\t\t\t\t\t<h5 class=\"elementor-heading-title elementor-size-default\">This selection includes original works on canvas, currently available.\nThe works emerge through layers, movement, and the relationship between what is visible and what remains beneath the surface. Each develops its own internal structure \u2014 something that reveals itself, but is never fully explained.\nIn space, a work does not function as decoration, but as a presence. It shifts in relation to light, the viewing angle, and the atmosphere that surrounds it.\nEach piece is unique and comes with a certificate of authenticity.\nFor information on availability and pricing, feel free to get in touch.<\/h5>\t\t\t\t<\/div>\n\t\t\t\t<\/div>\n\t\t\t\t\t<\/div>\n\t\t\t\t<\/div>\n\t\t<div class=\"elementor-element elementor-element-561f035 e-flex e-con-boxed e-con e-parent\" data-id=\"561f035\" data-element_type=\"container\" data-e-type=\"container\">\n\t\t\t\t\t<div class=\"e-con-inner\">\n\t\t\t\t<div class=\"elementor-element elementor-element-efb1374 elementor-widget elementor-widget-image\" data-id=\"efb1374\" data-element_type=\"widget\" data-e-type=\"widget\" data-widget_type=\"image.default\">\n\t\t\t\t<div class=\"elementor-widget-container\">\n\t\t\t\t\t\t\t\t\t\t\t\t\t\t\t<img fetchpriority=\"high\" decoding=\"async\" width=\"768\" height=\"623\" src=\"https:\/\/lanas.rs\/wp-content\/uploads\/2026\/04\/IMG_9728-768x623.jpg\" class=\"attachment-medium_large size-medium_large wp-image-3914\" alt=\"\" srcset=\"https:\/\/lanas.rs\/wp-content\/uploads\/2026\/04\/IMG_9728-768x623.jpg 768w, https:\/\/lanas.rs\/wp-content\/uploads\/2026\/04\/IMG_9728-300x243.jpg 300w, https:\/\/lanas.rs\/wp-content\/uploads\/2026\/04\/IMG_9728-1024x830.jpg 1024w, https:\/\/lanas.rs\/wp-content\/uploads\/2026\/04\/IMG_9728-1536x1245.jpg 1536w, https:\/\/lanas.rs\/wp-content\/uploads\/2026\/04\/IMG_9728-2048x1661.jpg 2048w, https:\/\/lanas.rs\/wp-content\/uploads\/2026\/04\/IMG_9728-15x12.jpg 15w, https:\/\/lanas.rs\/wp-content\/uploads\/2026\/04\/IMG_9728-1320x1070.jpg 1320w, https:\/\/lanas.rs\/wp-content\/uploads\/2026\/04\/IMG_9728-600x486.jpg 600w\" sizes=\"(max-width: 768px) 100vw, 768px\" \/>\t\t\t\t\t\t\t\t\t\t\t\t\t\t\t<\/div>\n\t\t\t\t<\/div>\n\t\t\t\t\t<\/div>\n\t\t\t\t<\/div>\n\t\t<div class=\"elementor-element elementor-element-66959e2 e-flex e-con-boxed e-con e-parent\" data-id=\"66959e2\" data-element_type=\"container\" data-e-type=\"container\">\n\t\t\t\t\t<div class=\"e-con-inner\">\n\t\t\t\t<div class=\"elementor-element elementor-element-87b438e elementor-widget elementor-widget-heading\" data-id=\"87b438e\" data-element_type=\"widget\" data-e-type=\"widget\" data-widget_type=\"heading.default\">\n\t\t\t\t<div class=\"elementor-widget-container\">\n\t\t\t\t\t<h5 class=\"elementor-heading-title elementor-size-default\">Carried Through\n\n\n<br>\n\n\n\n\nSomething is carried through, without interruption.<br>\n\n\nAcrylic on canvas\n40 \u00d7 50 cm\n\nWith a certificate of authenticity<br>\n\n\nDostupno\n\n\nZa vi\u0161e informacija: info@lanas.rs\n\n<\/h5>\t\t\t\t<\/div>\n\t\t\t\t<\/div>\n\t\t\t\t\t<\/div>\n\t\t\t\t<\/div>\n\t\t<div class=\"elementor-element elementor-element-b6f618f e-flex e-con-boxed e-con e-parent\" data-id=\"b6f618f\" data-element_type=\"container\" data-e-type=\"container\">\n\t\t\t\t\t<div class=\"e-con-inner\">\n\t\t\t\t<div class=\"elementor-element elementor-element-6d27e50 elementor-widget elementor-widget-image\" data-id=\"6d27e50\" data-element_type=\"widget\" data-e-type=\"widget\" data-widget_type=\"image.default\">\n\t\t\t\t<div class=\"elementor-widget-container\">\n\t\t\t\t\t\t\t\t\t\t\t\t\t\t\t<img decoding=\"async\" width=\"768\" height=\"957\" src=\"https:\/\/lanas.rs\/wp-content\/uploads\/2026\/04\/IMG_9730-768x957.jpg\" class=\"attachment-medium_large size-medium_large wp-image-3945\" alt=\"\" srcset=\"https:\/\/lanas.rs\/wp-content\/uploads\/2026\/04\/IMG_9730-768x957.jpg 768w, https:\/\/lanas.rs\/wp-content\/uploads\/2026\/04\/IMG_9730-241x300.jpg 241w, https:\/\/lanas.rs\/wp-content\/uploads\/2026\/04\/IMG_9730-822x1024.jpg 822w, https:\/\/lanas.rs\/wp-content\/uploads\/2026\/04\/IMG_9730-1233x1536.jpg 1233w, https:\/\/lanas.rs\/wp-content\/uploads\/2026\/04\/IMG_9730-1644x2048.jpg 1644w, https:\/\/lanas.rs\/wp-content\/uploads\/2026\/04\/IMG_9730-10x12.jpg 10w, https:\/\/lanas.rs\/wp-content\/uploads\/2026\/04\/IMG_9730-1320x1644.jpg 1320w, https:\/\/lanas.rs\/wp-content\/uploads\/2026\/04\/IMG_9730-600x747.jpg 600w\" sizes=\"(max-width: 768px) 100vw, 768px\" \/>\t\t\t\t\t\t\t\t\t\t\t\t\t\t\t<\/div>\n\t\t\t\t<\/div>\n\t\t\t\t\t<\/div>\n\t\t\t\t<\/div>\n\t\t<div class=\"elementor-element elementor-element-fd65067 e-flex e-con-boxed e-con e-parent\" data-id=\"fd65067\" data-element_type=\"container\" data-e-type=\"container\">\n\t\t\t\t\t<div class=\"e-con-inner\">\n\t\t\t\t<div class=\"elementor-element elementor-element-4b2abb6 elementor-widget elementor-widget-heading\" data-id=\"4b2abb6\" data-element_type=\"widget\" data-e-type=\"widget\" data-widget_type=\"heading.default\">\n\t\t\t\t<div class=\"elementor-widget-container\">\n\t\t\t\t\t<h5 class=\"elementor-heading-title elementor-size-default\">Within the Deep\n\n<br>Something remains, beneath the surface.\n\n<br>Acrylic on canvas\n40 \u00d7 50 cm\n\nWith a certificate of authenticity<\/h5>\t\t\t\t<\/div>\n\t\t\t\t<\/div>\n\t\t\t\t\t<\/div>\n\t\t\t\t<\/div>\n\t\t<div class=\"elementor-element elementor-element-d2a4b96 e-flex e-con-boxed e-con e-parent\" data-id=\"d2a4b96\" data-element_type=\"container\" data-e-type=\"container\">\n\t\t\t\t\t<div class=\"e-con-inner\">\n\t\t\t\t<div class=\"elementor-element elementor-element-2eda0bf elementor-widget elementor-widget-image\" data-id=\"2eda0bf\" data-element_type=\"widget\" data-e-type=\"widget\" data-widget_type=\"image.default\">\n\t\t\t\t<div class=\"elementor-widget-container\">\n\t\t\t\t\t\t\t\t\t\t\t\t\t\t\t<img decoding=\"async\" width=\"768\" height=\"762\" src=\"https:\/\/lanas.rs\/wp-content\/uploads\/2026\/04\/IMG_9732-768x762.jpg\" class=\"attachment-medium_large size-medium_large wp-image-3989\" alt=\"\" srcset=\"https:\/\/lanas.rs\/wp-content\/uploads\/2026\/04\/IMG_9732-768x762.jpg 768w, https:\/\/lanas.rs\/wp-content\/uploads\/2026\/04\/IMG_9732-300x298.jpg 300w, https:\/\/lanas.rs\/wp-content\/uploads\/2026\/04\/IMG_9732-1024x1016.jpg 1024w, https:\/\/lanas.rs\/wp-content\/uploads\/2026\/04\/IMG_9732-150x150.jpg 150w, https:\/\/lanas.rs\/wp-content\/uploads\/2026\/04\/IMG_9732-1536x1524.jpg 1536w, https:\/\/lanas.rs\/wp-content\/uploads\/2026\/04\/IMG_9732-2048x2032.jpg 2048w, https:\/\/lanas.rs\/wp-content\/uploads\/2026\/04\/IMG_9732-12x12.jpg 12w, https:\/\/lanas.rs\/wp-content\/uploads\/2026\/04\/IMG_9732-1320x1310.jpg 1320w, https:\/\/lanas.rs\/wp-content\/uploads\/2026\/04\/IMG_9732-600x595.jpg 600w, https:\/\/lanas.rs\/wp-content\/uploads\/2026\/04\/IMG_9732-100x100.jpg 100w\" sizes=\"(max-width: 768px) 100vw, 768px\" \/>\t\t\t\t\t\t\t\t\t\t\t\t\t\t\t<\/div>\n\t\t\t\t<\/div>\n\t\t\t\t\t<\/div>\n\t\t\t\t<\/div>\n\t\t<div class=\"elementor-element elementor-element-6245ef7 e-flex e-con-boxed e-con e-parent\" data-id=\"6245ef7\" data-element_type=\"container\" data-e-type=\"container\">\n\t\t\t\t\t<div class=\"e-con-inner\">\n\t\t\t\t<div class=\"elementor-element elementor-element-ce1de15 elementor-widget elementor-widget-heading\" data-id=\"ce1de15\" data-element_type=\"widget\" data-e-type=\"widget\" data-widget_type=\"heading.default\">\n\t\t\t\t<div class=\"elementor-widget-container\">\n\t\t\t\t\t<h5 class=\"elementor-heading-title elementor-size-default\">Between Forms\n<br>\n\nA quiet form, held in between.\n<br>\n\nAcrylic on canvas\n40 \u00d7 40 cm\nWith a certificate of authenticity<br><br>\n\nAvailable<br>\n\nFor more information: info@lanas.rs\n<\/h5>\t\t\t\t<\/div>\n\t\t\t\t<\/div>\n\t\t\t\t\t<\/div>\n\t\t\t\t<\/div>\n\t\t\t\t<\/div>","protected":false},"excerpt":{"rendered":"<p>Ova selekcija obuhvata originalne radove na platnu, trenutno dostupne. Radovi nastaju kroz slojeve, pokret i odnos izme\u0111u vidljivog i onoga \u0161to ostaje ispod povr\u0161ine. Svaki razvija sopstvenu unutra\u0161nju strukturu \u2014 ne\u0161to \u0161to se otkriva, ali nikada u potpunosti ne obja\u0161njava. U prostoru, rad ne funkcioni\u0161e kao dekoracija, ve\u0107 kao prisustvo. Menja se u odnosu na [&hellip;]<\/p>\n","protected":false},"author":1,"featured_media":0,"parent":0,"menu_order":0,"comment_status":"closed","ping_status":"closed","template":"","meta":{"site-sidebar-layout":"no-sidebar","site-content-layout":"page-builder","ast-site-content-layout":"full-width-container","site-content-style":"default","site-sidebar-style":"default","ast-global-header-display":"","ast-banner-title-visibility":"","ast-main-header-display":"","ast-hfb-above-header-display":"","ast-hfb-below-header-display":"","ast-hfb-mobile-header-display":"","site-post-title":"","ast-breadcrumbs-content":"","ast-featured-img":"disabled","footer-sml-layout":"","ast-disable-related-posts":"","theme-transparent-header-meta":"","adv-header-id-meta":"","stick-header-meta":"","header-above-stick-meta":"","header-main-stick-meta":"","header-below-stick-meta":"","astra-migrate-meta-layouts":"set","ast-page-background-enabled":"default","ast-page-background-meta":{"desktop":{"background-color":"var(--ast-global-color-4)","background-image":"","background-repeat":"repeat","background-position":"center center","background-size":"auto","background-attachment":"scroll","background-type":"","background-media":"","overlay-type":"","overlay-color":"","overlay-opacity":"","overlay-gradient":""},"tablet":{"background-color":"","background-image":"","background-repeat":"repeat","background-position":"center center","background-size":"auto","background-attachment":"scroll","background-type":"","background-media":"","overlay-type":"","overlay-color":"","overlay-opacity":"","overlay-gradient":""},"mobile":{"background-color":"","background-image":"","background-repeat":"repeat","background-position":"center center","background-size":"auto","background-attachment":"scroll","background-type":"","background-media":"","overlay-type":"","overlay-color":"","overlay-opacity":"","overlay-gradient":""}},"ast-content-background-meta":{"desktop":{"background-color":"var(--ast-global-color-5)","background-image":"","background-repeat":"repeat","background-position":"center center","background-size":"auto","background-attachment":"scroll","background-type":"","background-media":"","overlay-type":"","overlay-color":"","overlay-opacity":"","overlay-gradient":""},"tablet":{"background-color":"var(--ast-global-color-5)","background-image":"","background-repeat":"repeat","background-position":"center center","background-size":"auto","background-attachment":"scroll","background-type":"","background-media":"","overlay-type":"","overlay-color":"","overlay-opacity":"","overlay-gradient":""},"mobile":{"background-color":"var(--ast-global-color-5)","background-image":"","background-repeat":"repeat","background-position":"center center","background-size":"auto","background-attachment":"scroll","background-type":"","background-media":"","overlay-type":"","overlay-color":"","overlay-opacity":"","overlay-gradient":""}},"footnotes":""},"class_list":["post-3904","page","type-page","status-publish","hentry"],"yoast_head":"<!-- This site is optimized with the Yoast SEO plugin v27.6 - https:\/\/yoast.com\/product\/yoast-seo-wordpress\/ -->\n<title>Dostupno - LANA S ART<\/title>\n<meta name=\"description\" content=\"Originalni apstraktni radovi na platnu koji su trenutno dostupni. Radovi nastaju kroz istra\u017eivanje vidljivog i nevidljivog, slojeva i pokreta\" \/>\n<meta name=\"robots\" content=\"index, follow, max-snippet:-1, max-image-preview:large, max-video-preview:-1\" \/>\n<link rel=\"canonical\" href=\"https:\/\/lanas.rs\/en\/dostupni-radovi\/\" \/>\n<meta property=\"og:locale\" content=\"en_GB\" \/>\n<meta property=\"og:type\" content=\"article\" \/>\n<meta property=\"og:title\" content=\"Dostupno - LANA S ART\" \/>\n<meta property=\"og:description\" content=\"Originalni apstraktni radovi na platnu koji su trenutno dostupni. Radovi nastaju kroz istra\u017eivanje vidljivog i nevidljivog, slojeva i pokreta\" \/>\n<meta property=\"og:url\" content=\"https:\/\/lanas.rs\/en\/dostupni-radovi\/\" \/>\n<meta property=\"og:site_name\" content=\"LANA S ART\" \/>\n<meta property=\"article:modified_time\" content=\"2026-04-28T10:05:57+00:00\" \/>\n<meta property=\"og:image\" content=\"https:\/\/lanas.rs\/wp-content\/uploads\/2026\/04\/IMG_9728-scaled.jpg\" \/>\n\t<meta property=\"og:image:width\" content=\"2560\" \/>\n\t<meta property=\"og:image:height\" content=\"2076\" \/>\n\t<meta property=\"og:image:type\" content=\"image\/jpeg\" \/>\n<meta name=\"twitter:card\" content=\"summary_large_image\" \/>\n<meta name=\"twitter:label1\" content=\"Estimated reading time\" \/>\n\t<meta name=\"twitter:data1\" content=\"2 minutes\" \/>\n<script type=\"application\/ld+json\" class=\"yoast-schema-graph\">{\"@context\":\"https:\\\/\\\/schema.org\",\"@graph\":[{\"@type\":\"WebPage\",\"@id\":\"https:\\\/\\\/lanas.rs\\\/dostupni-radovi\\\/\",\"url\":\"https:\\\/\\\/lanas.rs\\\/dostupni-radovi\\\/\",\"name\":\"Dostupno - LANA S ART\",\"isPartOf\":{\"@id\":\"https:\\\/\\\/lanas.rs\\\/#website\"},\"primaryImageOfPage\":{\"@id\":\"https:\\\/\\\/lanas.rs\\\/dostupni-radovi\\\/#primaryimage\"},\"image\":{\"@id\":\"https:\\\/\\\/lanas.rs\\\/dostupni-radovi\\\/#primaryimage\"},\"thumbnailUrl\":\"https:\\\/\\\/lanas.rs\\\/wp-content\\\/uploads\\\/2026\\\/04\\\/IMG_9728-768x623.jpg\",\"datePublished\":\"2026-04-28T09:11:42+00:00\",\"dateModified\":\"2026-04-28T10:05:57+00:00\",\"description\":\"Originalni apstraktni radovi na platnu koji su trenutno dostupni. Radovi nastaju kroz istra\u017eivanje vidljivog i nevidljivog, slojeva i pokreta\",\"breadcrumb\":{\"@id\":\"https:\\\/\\\/lanas.rs\\\/dostupni-radovi\\\/#breadcrumb\"},\"inLanguage\":\"en-GB\",\"potentialAction\":[{\"@type\":\"ReadAction\",\"target\":[\"https:\\\/\\\/lanas.rs\\\/dostupni-radovi\\\/\"]}]},{\"@type\":\"ImageObject\",\"inLanguage\":\"en-GB\",\"@id\":\"https:\\\/\\\/lanas.rs\\\/dostupni-radovi\\\/#primaryimage\",\"url\":\"https:\\\/\\\/lanas.rs\\\/wp-content\\\/uploads\\\/2026\\\/04\\\/IMG_9728-768x623.jpg\",\"contentUrl\":\"https:\\\/\\\/lanas.rs\\\/wp-content\\\/uploads\\\/2026\\\/04\\\/IMG_9728-768x623.jpg\"},{\"@type\":\"BreadcrumbList\",\"@id\":\"https:\\\/\\\/lanas.rs\\\/dostupni-radovi\\\/#breadcrumb\",\"itemListElement\":[{\"@type\":\"ListItem\",\"position\":1,\"name\":\"Home\",\"item\":\"https:\\\/\\\/lanas.rs\\\/\"},{\"@type\":\"ListItem\",\"position\":2,\"name\":\"Dostupno\"}]},{\"@type\":\"WebSite\",\"@id\":\"https:\\\/\\\/lanas.rs\\\/#website\",\"url\":\"https:\\\/\\\/lanas.rs\\\/\",\"name\":\"LANA S ART\",\"description\":\"Svilene marame i e\u0161arpe slikane rukom\",\"publisher\":{\"@id\":\"https:\\\/\\\/lanas.rs\\\/#organization\"},\"potentialAction\":[{\"@type\":\"SearchAction\",\"target\":{\"@type\":\"EntryPoint\",\"urlTemplate\":\"https:\\\/\\\/lanas.rs\\\/?s={search_term_string}\"},\"query-input\":{\"@type\":\"PropertyValueSpecification\",\"valueRequired\":true,\"valueName\":\"search_term_string\"}}],\"inLanguage\":\"en-GB\"},{\"@type\":\"Organization\",\"@id\":\"https:\\\/\\\/lanas.rs\\\/#organization\",\"name\":\"LANA S ART\",\"url\":\"https:\\\/\\\/lanas.rs\\\/\",\"logo\":{\"@type\":\"ImageObject\",\"inLanguage\":\"en-GB\",\"@id\":\"https:\\\/\\\/lanas.rs\\\/#\\\/schema\\\/logo\\\/image\\\/\",\"url\":\"https:\\\/\\\/lanas.rs\\\/wp-content\\\/uploads\\\/2024\\\/07\\\/cropped-image-6483441-kopija-2.jpg\",\"contentUrl\":\"https:\\\/\\\/lanas.rs\\\/wp-content\\\/uploads\\\/2024\\\/07\\\/cropped-image-6483441-kopija-2.jpg\",\"width\":666,\"height\":358,\"caption\":\"LANA S ART\"},\"image\":{\"@id\":\"https:\\\/\\\/lanas.rs\\\/#\\\/schema\\\/logo\\\/image\\\/\"}}]}<\/script>\n<!-- \/ Yoast SEO plugin. -->","yoast_head_json":{"title":"Dostupno - LANA S ART","description":"Originalni apstraktni radovi na platnu koji su trenutno dostupni. Radovi nastaju kroz istra\u017eivanje vidljivog i nevidljivog, slojeva i pokreta","robots":{"index":"index","follow":"follow","max-snippet":"max-snippet:-1","max-image-preview":"max-image-preview:large","max-video-preview":"max-video-preview:-1"},"canonical":"https:\/\/lanas.rs\/en\/dostupni-radovi\/","og_locale":"en_GB","og_type":"article","og_title":"Dostupno - LANA S ART","og_description":"Originalni apstraktni radovi na platnu koji su trenutno dostupni. Radovi nastaju kroz istra\u017eivanje vidljivog i nevidljivog, slojeva i pokreta","og_url":"https:\/\/lanas.rs\/en\/dostupni-radovi\/","og_site_name":"LANA S ART","article_modified_time":"2026-04-28T10:05:57+00:00","og_image":[{"width":2560,"height":2076,"url":"https:\/\/lanas.rs\/wp-content\/uploads\/2026\/04\/IMG_9728-scaled.jpg","type":"image\/jpeg"}],"twitter_card":"summary_large_image","twitter_misc":{"Estimated reading time":"2 minutes"},"schema":{"@context":"https:\/\/schema.org","@graph":[{"@type":"WebPage","@id":"https:\/\/lanas.rs\/dostupni-radovi\/","url":"https:\/\/lanas.rs\/dostupni-radovi\/","name":"Dostupno - LANA S ART","isPartOf":{"@id":"https:\/\/lanas.rs\/#website"},"primaryImageOfPage":{"@id":"https:\/\/lanas.rs\/dostupni-radovi\/#primaryimage"},"image":{"@id":"https:\/\/lanas.rs\/dostupni-radovi\/#primaryimage"},"thumbnailUrl":"https:\/\/lanas.rs\/wp-content\/uploads\/2026\/04\/IMG_9728-768x623.jpg","datePublished":"2026-04-28T09:11:42+00:00","dateModified":"2026-04-28T10:05:57+00:00","description":"Originalni apstraktni radovi na platnu koji su trenutno dostupni. Radovi nastaju kroz istra\u017eivanje vidljivog i nevidljivog, slojeva i pokreta","breadcrumb":{"@id":"https:\/\/lanas.rs\/dostupni-radovi\/#breadcrumb"},"inLanguage":"en-GB","potentialAction":[{"@type":"ReadAction","target":["https:\/\/lanas.rs\/dostupni-radovi\/"]}]},{"@type":"ImageObject","inLanguage":"en-GB","@id":"https:\/\/lanas.rs\/dostupni-radovi\/#primaryimage","url":"https:\/\/lanas.rs\/wp-content\/uploads\/2026\/04\/IMG_9728-768x623.jpg","contentUrl":"https:\/\/lanas.rs\/wp-content\/uploads\/2026\/04\/IMG_9728-768x623.jpg"},{"@type":"BreadcrumbList","@id":"https:\/\/lanas.rs\/dostupni-radovi\/#breadcrumb","itemListElement":[{"@type":"ListItem","position":1,"name":"Home","item":"https:\/\/lanas.rs\/"},{"@type":"ListItem","position":2,"name":"Dostupno"}]},{"@type":"WebSite","@id":"https:\/\/lanas.rs\/#website","url":"https:\/\/lanas.rs\/","name":"LANA S ART","description":"Svilene marame i e\u0161arpe slikane rukom","publisher":{"@id":"https:\/\/lanas.rs\/#organization"},"potentialAction":[{"@type":"SearchAction","target":{"@type":"EntryPoint","urlTemplate":"https:\/\/lanas.rs\/?s={search_term_string}"},"query-input":{"@type":"PropertyValueSpecification","valueRequired":true,"valueName":"search_term_string"}}],"inLanguage":"en-GB"},{"@type":"Organization","@id":"https:\/\/lanas.rs\/#organization","name":"LANA S ART","url":"https:\/\/lanas.rs\/","logo":{"@type":"ImageObject","inLanguage":"en-GB","@id":"https:\/\/lanas.rs\/#\/schema\/logo\/image\/","url":"https:\/\/lanas.rs\/wp-content\/uploads\/2024\/07\/cropped-image-6483441-kopija-2.jpg","contentUrl":"https:\/\/lanas.rs\/wp-content\/uploads\/2024\/07\/cropped-image-6483441-kopija-2.jpg","width":666,"height":358,"caption":"LANA S ART"},"image":{"@id":"https:\/\/lanas.rs\/#\/schema\/logo\/image\/"}}]}},"_links":{"self":[{"href":"https:\/\/lanas.rs\/en\/wp-json\/wp\/v2\/pages\/3904","targetHints":{"allow":["GET"]}}],"collection":[{"href":"https:\/\/lanas.rs\/en\/wp-json\/wp\/v2\/pages"}],"about":[{"href":"https:\/\/lanas.rs\/en\/wp-json\/wp\/v2\/types\/page"}],"author":[{"embeddable":true,"href":"https:\/\/lanas.rs\/en\/wp-json\/wp\/v2\/users\/1"}],"replies":[{"embeddable":true,"href":"https:\/\/lanas.rs\/en\/wp-json\/wp\/v2\/comments?post=3904"}],"version-history":[{"count":80,"href":"https:\/\/lanas.rs\/en\/wp-json\/wp\/v2\/pages\/3904\/revisions"}],"predecessor-version":[{"id":3992,"href":"https:\/\/lanas.rs\/en\/wp-json\/wp\/v2\/pages\/3904\/revisions\/3992"}],"wp:attachment":[{"href":"https:\/\/lanas.rs\/en\/wp-json\/wp\/v2\/media?parent=3904"}],"curies":[{"name":"wp","href":"https:\/\/api.w.org\/{rel}","templated":true}]}}